{"id":394,"date":"2022-04-18T15:57:17","date_gmt":"2022-04-18T15:57:17","guid":{"rendered":"https:\/\/ipp.ba\/?page_id=394"},"modified":"2022-04-20T20:58:03","modified_gmt":"2022-04-20T20:58:03","slug":"usluge","status":"publish","type":"page","link":"https:\/\/ipp.ba\/?page_id=394","title":{"rendered":"USLUGE"},"content":{"rendered":"<p>[vc_row css=&#8221;.vc_custom_1650298810627{background-color: #595959 !important;}&#8221;][vc_column][vc_message message_box_style=&#8221;outline&#8221; message_box_color=&#8221;white&#8221; icon_fontawesome=&#8221;fa fa-handshake-o&#8221; css_animation=&#8221;flipInX&#8221;]<strong>NA\u0160E USLUGE<\/strong>[\/vc_message][vc_tta_accordion color=&#8221;black&#8221; active_section=&#8221;1&#8243;][vc_tta_section i_icon_fontawesome=&#8221;fa fa-home&#8221; add_icon=&#8221;true&#8221; title=&#8221;PROJEKTOVANJE&#8221; tab_id=&#8221;1650298729042-f263382a-d61f&#8221;][vc_column_text]Izrada idejnih rje\u0161enja i projektovanje svih tipova arhitektonskih objekata razli\u010ditih veli\u010dina i namjena. Rekonstrukcija, adaptacija i sanacija postoje\u0107ih objekata.[\/vc_column_text][\/vc_tta_section][vc_tta_section i_icon_fontawesome=&#8221;fa fa-eye&#8221; add_icon=&#8221;true&#8221; title=&#8221;NADZOR&#8221; tab_id=&#8221;1650298729072-5207d055-7ad7&#8243;][vc_column_text]Obavljanje stru\u010dnog nadzora za sve faze gra\u0111enja. Kontrola i provjera kvaliteta izvo\u0111enja svih radova uz primjenu propisa i standarda. Koordinacija izme\u0111u investitora i izvo\u0111a\u010da gra\u0111evinskih radova.[\/vc_column_text][\/vc_tta_section][vc_tta_section i_icon_fontawesome=&#8221;fa fa-file-image-o&#8221; add_icon=&#8221;true&#8221; title=&#8221;DIZAJN ENTERIJERA&#8221; tab_id=&#8221;1650299596397-11633219-fe71&#8243;][vc_column_text]Ure\u0111enje i osmi\u0161ljavanje unutra\u0161njih prostora razli\u010ditih namjena sa detaljnom razradom dispozicije namje\u0161taja, materijala i boja zavisno od \u017eelja i potreba investitora.[\/vc_column_text][\/vc_tta_section][vc_tta_section i_icon_fontawesome=&#8221;fa fa-briefcase&#8221; add_icon=&#8221;true&#8221; title=&#8221;LEGALIZACIJA OBJEKATA&#8221; tab_id=&#8221;1650299595300-4930b7e7-4a46&#8243;][vc_column_text]Izrada tehni\u010dke dokumentacije za legalizaciju bespravno izgra\u0111enih objekata razli\u010ditih namjena.[\/vc_column_text][\/vc_tta_section][vc_tta_section i_icon_fontawesome=&#8221;fa fa-cubes&#8221; add_icon=&#8221;true&#8221; title=&#8221;3D MODELOVANJE&#8221; tab_id=&#8221;1650299593064-61ee5f39-cd5c&#8221;][vc_column_text]Vizualizacija eksterijera i enterijera za projektovane objekte radi detaljnijeg sagledavanja projektovanog objekta i njegovog okru\u017eenja.[\/vc_column_text][\/vc_tta_section][vc_tta_section i_icon_fontawesome=&#8221;fa fa-video-camera&#8221; add_icon=&#8221;true&#8221; title=&#8221;VIDEO ANIMACIJE&#8221; tab_id=&#8221;1650299762751-8bd4bd36-0172&#8243;][vc_column_text]Izrada video isje\u010daka i animacija u cilju promocije i marketinga projekata i usluga investitora.[\/vc_column_text][\/vc_tta_section][vc_tta_section i_icon_fontawesome=&#8221;fa fa-handshake-o&#8221; add_icon=&#8221;true&#8221; title=&#8221;KONSALTING&#8221; tab_id=&#8221;1650299766653-e47ecf19-d835&#8243;][vc_column_text]Usluge stru\u010dnog savjetovanja od samog po\u010detka prikupljanja dokumentacije za lokacijske uslove, gra\u0111evinsku dozvolu pa sve do tehni\u010dkog prijema i dobijanja upotrebne dozvole za objekat. Upravljanje projektima i saradnja sa instituacijama nadle\u017enim za planiranje i izgradnju. Komunikacija sa potencijalnim izvo\u0111a\u010dima radova, prikupljanje ponuda i koordinacija sa investitorom i izvo\u0111a\u010dima.[\/vc_column_text][\/vc_tta_section][\/vc_tta_accordion][\/vc_column][\/vc_row][vc_row css=&#8221;.vc_custom_1650488138237{background-color: #595959 !important;}&#8221;][vc_column][vc_message message_box_style=&#8221;outline&#8221; message_box_color=&#8221;white&#8221; icon_fontawesome=&#8221;fa fa-building&#8221; css_animation=&#8221;flipInX&#8221;]<strong>PROJEKTI<\/strong>[\/vc_message][\/vc_column][\/vc_row][vc_row css=&#8221;.vc_custom_1650488147257{background-color: #595959 !important;}&#8221;][vc_column width=&#8221;1\/3&#8243;]<div class=\"promo_box has_border\"><div class=\"promo_box_wrapper promo_box_left\"><div class=\"photo_wrapper\"><img loading=\"lazy\" decoding=\"async\" class=\"scale-with-grid\" src=\"https:\/\/ipp.ba\/wp-content\/uploads\/2022\/04\/pngwing.com_.png\" alt=\"pngwing.com\" width=\"1000\" height=\"542\"\/><\/div><div class=\"desc_wrapper\"><h2>Stambeno poslovni objekti<\/h2><a href=\"https:\/\/ipp.ba\/?portfolio-types=stambeno-poslovni-objekti\" class=\"button button_left button_theme button_js\" target=\"_blank\"><span class=\"button_icon\"><i class=\"icon-layout\"><\/i><\/span><span class=\"button_label\">DETALJI<\/span><\/a><\/div><\/div><\/div>\n[\/vc_column][vc_column width=&#8221;1\/3&#8243;]<div class=\"promo_box has_border\"><div class=\"promo_box_wrapper promo_box_left\"><div class=\"photo_wrapper\"><img loading=\"lazy\" decoding=\"async\" class=\"scale-with-grid\" src=\"https:\/\/ipp.ba\/wp-content\/uploads\/2022\/04\/pngwing.com-1.png\" alt=\"pngwing.com (1)\" width=\"979\" height=\"900\"\/><\/div><div class=\"desc_wrapper\"><h2>Stambeni objekti<\/h2><a href=\"https:\/\/ipp.ba\/?portfolio-types=stambeni-objekti\" class=\"button button_left button_theme button_js\" target=\"_blank\"><span class=\"button_icon\"><i class=\"icon-layout\"><\/i><\/span><span class=\"button_label\">DETALJI<\/span><\/a><\/div><\/div><\/div>\n[\/vc_column][vc_column width=&#8221;1\/3&#8243;]<div class=\"promo_box no_border\"><div class=\"promo_box_wrapper promo_box_left\"><div class=\"photo_wrapper\"><img loading=\"lazy\" decoding=\"async\" class=\"scale-with-grid\" src=\"https:\/\/ipp.ba\/wp-content\/uploads\/2022\/04\/pngwing.com-4.png\" alt=\"pngwing.com (4)\" width=\"1090\" height=\"818\"\/><\/div><div class=\"desc_wrapper\"><h2>Poslovni objekti<\/h2><a href=\"https:\/\/ipp.ba\/?portfolio-types=poslovni-objekti\" class=\"button button_left button_theme button_js\" target=\"_blank\"><span class=\"button_icon\"><i class=\"icon-layout\"><\/i><\/span><span class=\"button_label\">DETALJI<\/span><\/a><\/div><\/div><\/div>\n[\/vc_column][\/vc_row]<\/p>\n","protected":false},"excerpt":{"rendered":"<p>[vc_row css=&#8221;.vc_custom_1650298810627{background-color: #595959 !important;}&#8221;][vc_column][vc_message message_box_style=&#8221;outline&#8221; message_box_color=&#8221;white&#8221; icon_fontawesome=&#8221;fa fa-handshake-o&#8221; css_animation=&#8221;flipInX&#8221;]NA\u0160E USLUGE[\/vc_message][vc_tta_accordion color=&#8221;black&#8221; active_section=&#8221;1&#8243;][vc_tta_section i_icon_fontawesome=&#8221;fa fa-home&#8221; add_icon=&#8221;true&#8221; title=&#8221;PROJEKTOVANJE&#8221; tab_id=&#8221;1650298729042-f263382a-d61f&#8221;][vc_column_text]Izrada idejnih rje\u0161enja i projektovanje svih tipova arhitektonskih objekata razli\u010ditih<span class=\"excerpt-hellip\"> [\u2026]<\/span><\/p>\n","protected":false},"author":1,"featured_media":0,"parent":0,"menu_order":0,"comment_status":"closed","ping_status":"closed","template":"","meta":{"footnotes":""},"class_list":["post-394","page","type-page","status-publish","hentry"],"yoast_head":"<!-- This site is optimized with the Yoast SEO plugin v27.5 - https:\/\/yoast.com\/product\/yoast-seo-wordpress\/ -->\n<title>USLUGE - IPP d.o.o<\/title>\n<meta name=\"robots\" content=\"index, follow, max-snippet:-1, max-image-preview:large, max-video-preview:-1\" \/>\n<link rel=\"canonical\" href=\"https:\/\/ipp.ba\/?page_id=394\" \/>\n<meta property=\"og:locale\" content=\"en_US\" \/>\n<meta property=\"og:type\" content=\"article\" \/>\n<meta property=\"og:title\" content=\"USLUGE - IPP d.o.o\" \/>\n<meta property=\"og:description\" content=\"[vc_row css=&#8221;.vc_custom_1650298810627{background-color: #595959 !important;}&#8221;][vc_column][vc_message message_box_style=&#8221;outline&#8221; message_box_color=&#8221;white&#8221; icon_fontawesome=&#8221;fa fa-handshake-o&#8221; css_animation=&#8221;flipInX&#8221;]NA\u0160E USLUGE[\/vc_message][vc_tta_accordion color=&#8221;black&#8221; active_section=&#8221;1&#8243;][vc_tta_section i_icon_fontawesome=&#8221;fa fa-home&#8221; add_icon=&#8221;true&#8221; title=&#8221;PROJEKTOVANJE&#8221; tab_id=&#8221;1650298729042-f263382a-d61f&#8221;][vc_column_text]Izrada idejnih rje\u0161enja i projektovanje svih tipova arhitektonskih objekata razli\u010ditih [\u2026]\" \/>\n<meta property=\"og:url\" content=\"https:\/\/ipp.ba\/?page_id=394\" \/>\n<meta property=\"og:site_name\" content=\"IPP d.o.o\" \/>\n<meta property=\"article:modified_time\" content=\"2022-04-20T20:58:03+00:00\" \/>\n<meta name=\"twitter:card\" content=\"summary_large_image\" \/>\n<meta name=\"twitter:label1\" content=\"Est. reading time\" \/>\n\t<meta name=\"twitter:data1\" content=\"3 minutes\" \/>\n<script type=\"application\/ld+json\" class=\"yoast-schema-graph\">{\"@context\":\"https:\\\/\\\/schema.org\",\"@graph\":[{\"@type\":\"WebPage\",\"@id\":\"https:\\\/\\\/ipp.ba\\\/?page_id=394\",\"url\":\"https:\\\/\\\/ipp.ba\\\/?page_id=394\",\"name\":\"USLUGE - IPP d.o.o\",\"isPartOf\":{\"@id\":\"https:\\\/\\\/ipp.ba\\\/#website\"},\"datePublished\":\"2022-04-18T15:57:17+00:00\",\"dateModified\":\"2022-04-20T20:58:03+00:00\",\"breadcrumb\":{\"@id\":\"https:\\\/\\\/ipp.ba\\\/?page_id=394#breadcrumb\"},\"inLanguage\":\"en-US\",\"potentialAction\":[{\"@type\":\"ReadAction\",\"target\":[\"https:\\\/\\\/ipp.ba\\\/?page_id=394\"]}]},{\"@type\":\"BreadcrumbList\",\"@id\":\"https:\\\/\\\/ipp.ba\\\/?page_id=394#breadcrumb\",\"itemListElement\":[{\"@type\":\"ListItem\",\"position\":1,\"name\":\"Home\",\"item\":\"https:\\\/\\\/ipp.ba\\\/\"},{\"@type\":\"ListItem\",\"position\":2,\"name\":\"USLUGE\"}]},{\"@type\":\"WebSite\",\"@id\":\"https:\\\/\\\/ipp.ba\\\/#website\",\"url\":\"https:\\\/\\\/ipp.ba\\\/\",\"name\":\"IPP d.o.o\",\"description\":\"IPP d.o.o - Banja Luka | Arihtektonski studio\",\"publisher\":{\"@id\":\"https:\\\/\\\/ipp.ba\\\/#organization\"},\"potentialAction\":[{\"@type\":\"SearchAction\",\"target\":{\"@type\":\"EntryPoint\",\"urlTemplate\":\"https:\\\/\\\/ipp.ba\\\/?s={search_term_string}\"},\"query-input\":{\"@type\":\"PropertyValueSpecification\",\"valueRequired\":true,\"valueName\":\"search_term_string\"}}],\"inLanguage\":\"en-US\"},{\"@type\":\"Organization\",\"@id\":\"https:\\\/\\\/ipp.ba\\\/#organization\",\"name\":\"IPP d.o.o | Arihtektonski studio | Banja Luka\",\"url\":\"https:\\\/\\\/ipp.ba\\\/\",\"logo\":{\"@type\":\"ImageObject\",\"inLanguage\":\"en-US\",\"@id\":\"https:\\\/\\\/ipp.ba\\\/#\\\/schema\\\/logo\\\/image\\\/\",\"url\":\"https:\\\/\\\/ipp.ba\\\/wp-content\\\/uploads\\\/2022\\\/04\\\/logo-trans-1.png\",\"contentUrl\":\"https:\\\/\\\/ipp.ba\\\/wp-content\\\/uploads\\\/2022\\\/04\\\/logo-trans-1.png\",\"width\":696,\"height\":318,\"caption\":\"IPP d.o.o | Arihtektonski studio | Banja Luka\"},\"image\":{\"@id\":\"https:\\\/\\\/ipp.ba\\\/#\\\/schema\\\/logo\\\/image\\\/\"}}]}<\/script>\n<!-- \/ Yoast SEO plugin. -->","yoast_head_json":{"title":"USLUGE - IPP d.o.o","robots":{"index":"index","follow":"follow","max-snippet":"max-snippet:-1","max-image-preview":"max-image-preview:large","max-video-preview":"max-video-preview:-1"},"canonical":"https:\/\/ipp.ba\/?page_id=394","og_locale":"en_US","og_type":"article","og_title":"USLUGE - IPP d.o.o","og_description":"[vc_row css=&#8221;.vc_custom_1650298810627{background-color: #595959 !important;}&#8221;][vc_column][vc_message message_box_style=&#8221;outline&#8221; message_box_color=&#8221;white&#8221; icon_fontawesome=&#8221;fa fa-handshake-o&#8221; css_animation=&#8221;flipInX&#8221;]NA\u0160E USLUGE[\/vc_message][vc_tta_accordion color=&#8221;black&#8221; active_section=&#8221;1&#8243;][vc_tta_section i_icon_fontawesome=&#8221;fa fa-home&#8221; add_icon=&#8221;true&#8221; title=&#8221;PROJEKTOVANJE&#8221; tab_id=&#8221;1650298729042-f263382a-d61f&#8221;][vc_column_text]Izrada idejnih rje\u0161enja i projektovanje svih tipova arhitektonskih objekata razli\u010ditih [\u2026]","og_url":"https:\/\/ipp.ba\/?page_id=394","og_site_name":"IPP d.o.o","article_modified_time":"2022-04-20T20:58:03+00:00","twitter_card":"summary_large_image","twitter_misc":{"Est. reading time":"3 minutes"},"schema":{"@context":"https:\/\/schema.org","@graph":[{"@type":"WebPage","@id":"https:\/\/ipp.ba\/?page_id=394","url":"https:\/\/ipp.ba\/?page_id=394","name":"USLUGE - IPP d.o.o","isPartOf":{"@id":"https:\/\/ipp.ba\/#website"},"datePublished":"2022-04-18T15:57:17+00:00","dateModified":"2022-04-20T20:58:03+00:00","breadcrumb":{"@id":"https:\/\/ipp.ba\/?page_id=394#breadcrumb"},"inLanguage":"en-US","potentialAction":[{"@type":"ReadAction","target":["https:\/\/ipp.ba\/?page_id=394"]}]},{"@type":"BreadcrumbList","@id":"https:\/\/ipp.ba\/?page_id=394#breadcrumb","itemListElement":[{"@type":"ListItem","position":1,"name":"Home","item":"https:\/\/ipp.ba\/"},{"@type":"ListItem","position":2,"name":"USLUGE"}]},{"@type":"WebSite","@id":"https:\/\/ipp.ba\/#website","url":"https:\/\/ipp.ba\/","name":"IPP d.o.o","description":"IPP d.o.o - Banja Luka | Arihtektonski studio","publisher":{"@id":"https:\/\/ipp.ba\/#organization"},"potentialAction":[{"@type":"SearchAction","target":{"@type":"EntryPoint","urlTemplate":"https:\/\/ipp.ba\/?s={search_term_string}"},"query-input":{"@type":"PropertyValueSpecification","valueRequired":true,"valueName":"search_term_string"}}],"inLanguage":"en-US"},{"@type":"Organization","@id":"https:\/\/ipp.ba\/#organization","name":"IPP d.o.o | Arihtektonski studio | Banja Luka","url":"https:\/\/ipp.ba\/","logo":{"@type":"ImageObject","inLanguage":"en-US","@id":"https:\/\/ipp.ba\/#\/schema\/logo\/image\/","url":"https:\/\/ipp.ba\/wp-content\/uploads\/2022\/04\/logo-trans-1.png","contentUrl":"https:\/\/ipp.ba\/wp-content\/uploads\/2022\/04\/logo-trans-1.png","width":696,"height":318,"caption":"IPP d.o.o | Arihtektonski studio | Banja Luka"},"image":{"@id":"https:\/\/ipp.ba\/#\/schema\/logo\/image\/"}}]}},"_links":{"self":[{"href":"https:\/\/ipp.ba\/index.php?rest_route=\/wp\/v2\/pages\/394","targetHints":{"allow":["GET"]}}],"collection":[{"href":"https:\/\/ipp.ba\/index.php?rest_route=\/wp\/v2\/pages"}],"about":[{"href":"https:\/\/ipp.ba\/index.php?rest_route=\/wp\/v2\/types\/page"}],"author":[{"embeddable":true,"href":"https:\/\/ipp.ba\/index.php?rest_route=\/wp\/v2\/users\/1"}],"replies":[{"embeddable":true,"href":"https:\/\/ipp.ba\/index.php?rest_route=%2Fwp%2Fv2%2Fcomments&post=394"}],"version-history":[{"count":52,"href":"https:\/\/ipp.ba\/index.php?rest_route=\/wp\/v2\/pages\/394\/revisions"}],"predecessor-version":[{"id":438,"href":"https:\/\/ipp.ba\/index.php?rest_route=\/wp\/v2\/pages\/394\/revisions\/438"}],"wp:attachment":[{"href":"https:\/\/ipp.ba\/index.php?rest_route=%2Fwp%2Fv2%2Fmedia&parent=394"}],"curies":[{"name":"wp","href":"https:\/\/api.w.org\/{rel}","templated":true}]}}